{"id":11,"date":"2018-08-21T19:43:49","date_gmt":"2018-08-21T19:43:49","guid":{"rendered":"https:\/\/textitec.com\/?page_id=11"},"modified":"2018-08-30T21:13:33","modified_gmt":"2018-08-30T21:13:33","slug":"nous-recrutons","status":"publish","type":"page","link":"https:\/\/textitec.com\/index.php\/nous-recrutons\/","title":{"rendered":"Nous recrutons"},"content":{"rendered":"<section class=\"av_textblock_section\"  itemscope=\"itemscope\" itemtype=\"https:\/\/schema.org\/CreativeWork\" ><div class='avia_textblock '  style='font-size:16px; '  itemprop=\"text\" ><p>Textitec recrute<br \/>\nSi vous avez une formation ou une exp\u00e9rience que vous voulez mettre \u00e0 la disposition d\u2019une entreprise jeune et dynamique contactez-nous.<\/p>\n<p>Domaines d\u2019int\u00e9r\u00eat<br \/>\nNon-tiss\u00e9s \u2013 Electrom\u00e9canique \u2013 Tissage \u2013 Traitement textiles \u2013 Enduction et calandrage \u2013 Ressources humaines \u2013 comptabilit\u00e9 etc \u2026.<\/p>\n<p style=\"text-align: center;\">Si vous \u00eates int\u00e9ress\u00e9<\/p>\n<\/div><\/section>\n<div class='avia-button-wrap avia-button-center '><a href='https:\/\/textitec.com\/index.php\/contact\/' class='avia-button  avia-icon_select-yes-left-icon avia-color-purple avia-size-medium avia-position-center '   ><span class='avia_button_icon avia_button_icon_left ' aria-hidden='true' data-av_icon='\ue8bb' data-av_iconfont='entypo-fontello'><\/span><span class='avia_iconbox_title' >Cliquez ici<\/span><\/a><\/div>\n","protected":false},"excerpt":{"rendered":"","protected":false},"author":1,"featured_media":0,"parent":0,"menu_order":0,"comment_status":"closed","ping_status":"closed","template":"","meta":{"footnotes":""},"class_list":["post-11","page","type-page","status-publish","hentry"],"yoast_head":"<!-- This site is optimized with the Yoast SEO plugin v27.4 - https:\/\/yoast.com\/product\/yoast-seo-wordpress\/ -->\n<title>Nous recrutons - TEXTITEC<\/title>\n<meta name=\"robots\" content=\"index, follow, max-snippet:-1, max-image-preview:large, max-video-preview:-1\" \/>\n<link rel=\"canonical\" href=\"https:\/\/textitec.com\/index.php\/nous-recrutons\/\" \/>\n<meta property=\"og:locale\" content=\"en_US\" \/>\n<meta property=\"og:type\" content=\"article\" \/>\n<meta property=\"og:title\" content=\"Nous recrutons - TEXTITEC\" \/>\n<meta property=\"og:url\" content=\"https:\/\/textitec.com\/index.php\/nous-recrutons\/\" \/>\n<meta property=\"og:site_name\" content=\"TEXTITEC\" \/>\n<meta property=\"article:publisher\" content=\"http:\/\/facebook.com\/textitecdz\" \/>\n<meta property=\"article:modified_time\" content=\"2018-08-30T21:13:33+00:00\" \/>\n<meta name=\"twitter:card\" content=\"summary_large_image\" \/>\n<meta name=\"twitter:site\" content=\"@textitec\" \/>\n<script type=\"application\/ld+json\" class=\"yoast-schema-graph\">{\"@context\":\"https:\\\/\\\/schema.org\",\"@graph\":[{\"@type\":\"WebPage\",\"@id\":\"https:\\\/\\\/textitec.com\\\/index.php\\\/nous-recrutons\\\/\",\"url\":\"https:\\\/\\\/textitec.com\\\/index.php\\\/nous-recrutons\\\/\",\"name\":\"Nous recrutons - TEXTITEC\",\"isPartOf\":{\"@id\":\"https:\\\/\\\/textitec.com\\\/#website\"},\"datePublished\":\"2018-08-21T19:43:49+00:00\",\"dateModified\":\"2018-08-30T21:13:33+00:00\",\"breadcrumb\":{\"@id\":\"https:\\\/\\\/textitec.com\\\/index.php\\\/nous-recrutons\\\/#breadcrumb\"},\"inLanguage\":\"en-US\",\"potentialAction\":[{\"@type\":\"ReadAction\",\"target\":[\"https:\\\/\\\/textitec.com\\\/index.php\\\/nous-recrutons\\\/\"]}]},{\"@type\":\"BreadcrumbList\",\"@id\":\"https:\\\/\\\/textitec.com\\\/index.php\\\/nous-recrutons\\\/#breadcrumb\",\"itemListElement\":[{\"@type\":\"ListItem\",\"position\":1,\"name\":\"Home\",\"item\":\"https:\\\/\\\/textitec.com\\\/\"},{\"@type\":\"ListItem\",\"position\":2,\"name\":\"Nous recrutons\"}]},{\"@type\":\"WebSite\",\"@id\":\"https:\\\/\\\/textitec.com\\\/#website\",\"url\":\"https:\\\/\\\/textitec.com\\\/\",\"name\":\"TEXTITEC\",\"description\":\"le monde des non-tiss\u00e9s est notre metier\",\"publisher\":{\"@id\":\"https:\\\/\\\/textitec.com\\\/#organization\"},\"potentialAction\":[{\"@type\":\"SearchAction\",\"target\":{\"@type\":\"EntryPoint\",\"urlTemplate\":\"https:\\\/\\\/textitec.com\\\/?s={search_term_string}\"},\"query-input\":{\"@type\":\"PropertyValueSpecification\",\"valueRequired\":true,\"valueName\":\"search_term_string\"}}],\"inLanguage\":\"en-US\"},{\"@type\":\"Organization\",\"@id\":\"https:\\\/\\\/textitec.com\\\/#organization\",\"name\":\"TEXTITEC\",\"url\":\"https:\\\/\\\/textitec.com\\\/\",\"logo\":{\"@type\":\"ImageObject\",\"inLanguage\":\"en-US\",\"@id\":\"https:\\\/\\\/textitec.com\\\/#\\\/schema\\\/logo\\\/image\\\/\",\"url\":\"https:\\\/\\\/textitec.com\\\/wp-content\\\/uploads\\\/2018\\\/08\\\/logo-textitec-site150-1.jpg\",\"contentUrl\":\"https:\\\/\\\/textitec.com\\\/wp-content\\\/uploads\\\/2018\\\/08\\\/logo-textitec-site150-1.jpg\",\"width\":329,\"height\":177,\"caption\":\"TEXTITEC\"},\"image\":{\"@id\":\"https:\\\/\\\/textitec.com\\\/#\\\/schema\\\/logo\\\/image\\\/\"},\"sameAs\":[\"http:\\\/\\\/facebook.com\\\/textitecdz\",\"https:\\\/\\\/x.com\\\/textitec\"]}]}<\/script>\n<!-- \/ Yoast SEO plugin. -->","yoast_head_json":{"title":"Nous recrutons - TEXTITEC","robots":{"index":"index","follow":"follow","max-snippet":"max-snippet:-1","max-image-preview":"max-image-preview:large","max-video-preview":"max-video-preview:-1"},"canonical":"https:\/\/textitec.com\/index.php\/nous-recrutons\/","og_locale":"en_US","og_type":"article","og_title":"Nous recrutons - TEXTITEC","og_url":"https:\/\/textitec.com\/index.php\/nous-recrutons\/","og_site_name":"TEXTITEC","article_publisher":"http:\/\/facebook.com\/textitecdz","article_modified_time":"2018-08-30T21:13:33+00:00","twitter_card":"summary_large_image","twitter_site":"@textitec","schema":{"@context":"https:\/\/schema.org","@graph":[{"@type":"WebPage","@id":"https:\/\/textitec.com\/index.php\/nous-recrutons\/","url":"https:\/\/textitec.com\/index.php\/nous-recrutons\/","name":"Nous recrutons - TEXTITEC","isPartOf":{"@id":"https:\/\/textitec.com\/#website"},"datePublished":"2018-08-21T19:43:49+00:00","dateModified":"2018-08-30T21:13:33+00:00","breadcrumb":{"@id":"https:\/\/textitec.com\/index.php\/nous-recrutons\/#breadcrumb"},"inLanguage":"en-US","potentialAction":[{"@type":"ReadAction","target":["https:\/\/textitec.com\/index.php\/nous-recrutons\/"]}]},{"@type":"BreadcrumbList","@id":"https:\/\/textitec.com\/index.php\/nous-recrutons\/#breadcrumb","itemListElement":[{"@type":"ListItem","position":1,"name":"Home","item":"https:\/\/textitec.com\/"},{"@type":"ListItem","position":2,"name":"Nous recrutons"}]},{"@type":"WebSite","@id":"https:\/\/textitec.com\/#website","url":"https:\/\/textitec.com\/","name":"TEXTITEC","description":"le monde des non-tiss\u00e9s est notre metier","publisher":{"@id":"https:\/\/textitec.com\/#organization"},"potentialAction":[{"@type":"SearchAction","target":{"@type":"EntryPoint","urlTemplate":"https:\/\/textitec.com\/?s={search_term_string}"},"query-input":{"@type":"PropertyValueSpecification","valueRequired":true,"valueName":"search_term_string"}}],"inLanguage":"en-US"},{"@type":"Organization","@id":"https:\/\/textitec.com\/#organization","name":"TEXTITEC","url":"https:\/\/textitec.com\/","logo":{"@type":"ImageObject","inLanguage":"en-US","@id":"https:\/\/textitec.com\/#\/schema\/logo\/image\/","url":"https:\/\/textitec.com\/wp-content\/uploads\/2018\/08\/logo-textitec-site150-1.jpg","contentUrl":"https:\/\/textitec.com\/wp-content\/uploads\/2018\/08\/logo-textitec-site150-1.jpg","width":329,"height":177,"caption":"TEXTITEC"},"image":{"@id":"https:\/\/textitec.com\/#\/schema\/logo\/image\/"},"sameAs":["http:\/\/facebook.com\/textitecdz","https:\/\/x.com\/textitec"]}]}},"_links":{"self":[{"href":"https:\/\/textitec.com\/index.php\/wp-json\/wp\/v2\/pages\/11","targetHints":{"allow":["GET"]}}],"collection":[{"href":"https:\/\/textitec.com\/index.php\/wp-json\/wp\/v2\/pages"}],"about":[{"href":"https:\/\/textitec.com\/index.php\/wp-json\/wp\/v2\/types\/page"}],"author":[{"embeddable":true,"href":"https:\/\/textitec.com\/index.php\/wp-json\/wp\/v2\/users\/1"}],"replies":[{"embeddable":true,"href":"https:\/\/textitec.com\/index.php\/wp-json\/wp\/v2\/comments?post=11"}],"version-history":[{"count":10,"href":"https:\/\/textitec.com\/index.php\/wp-json\/wp\/v2\/pages\/11\/revisions"}],"predecessor-version":[{"id":278,"href":"https:\/\/textitec.com\/index.php\/wp-json\/wp\/v2\/pages\/11\/revisions\/278"}],"wp:attachment":[{"href":"https:\/\/textitec.com\/index.php\/wp-json\/wp\/v2\/media?parent=11"}],"curies":[{"name":"wp","href":"https:\/\/api.w.org\/{rel}","templated":true}]}}