{"id":5,"date":"2018-08-21T19:42:45","date_gmt":"2018-08-21T19:42:45","guid":{"rendered":"https:\/\/textitec.com\/?page_id=5"},"modified":"2018-09-01T17:01:19","modified_gmt":"2018-09-01T17:01:19","slug":"accueil","status":"publish","type":"page","link":"https:\/\/textitec.com\/","title":{"rendered":"Accueil"},"content":{"rendered":"<div class=\"flex_column av_one_fourth  flex_column_div av-zero-column-padding first  \" style='border-radius:0px; '><\/div>\n<div class=\"flex_column av_one_half  flex_column_div   \" style='border-width:5px; border-color:#4a216b; border-style:solid; padding:0 0 0 0% ; border-radius:0px; '><div class='avia-image-container  av-styling- av-hover-grow  avia-align-center '  itemscope=\"itemscope\" itemtype=\"https:\/\/schema.org\/ImageObject\"  ><div class='avia-image-container-inner'><img class='avia_image ' src='https:\/\/textitec.com\/wp-content\/uploads\/2018\/08\/cylindre-300x169.jpg' alt='' title='STAY CONNECTED'   itemprop=\"contentURL\"  \/><\/div><\/div><\/div>\n<div class=\"flex_column av_one_full  flex_column_div av-zero-column-padding first  \" style='border-radius:0px; '><\/div>\n<section class=\"av_textblock_section\"  itemscope=\"itemscope\" itemtype=\"https:\/\/schema.org\/CreativeWork\" ><div class='avia_textblock '  style='font-size:16px; '  itemprop=\"text\" ><p style=\"text-align: center;\">TEXTITEC<\/p>\n<p>est une soci\u00e9t\u00e9\u00a0 fond\u00e9e en 2007\u00a0 elle est leader en son domaine , la production de plusieurs types de textiles technique. Dont b\u00e2ches pvc, b\u00e2che camions, ouate, divers tissus, g\u00e9otextiles, feutreS pour diff\u00e9rents usages et serpill\u00e8res.<\/p>\n<\/div><\/section>\n<div class=\"flex_column av_one_full  flex_column_div av-zero-column-padding first  \" style='border-radius:0px; '><section class=\"av_textblock_section\"  itemscope=\"itemscope\" itemtype=\"https:\/\/schema.org\/CreativeWork\" ><div class='avia_textblock '  style='font-size:16px; '  itemprop=\"text\" ><p style=\"text-align: center;\"><strong>A travers ses\u00a0marques elle est \u00e9galement pr\u00e9sente dans les domaines<\/strong><\/p>\n<\/div><\/section><\/div>\n<div class=\"flex_column av_one_half  flex_column_div first  \" style='border-width:3px; border-color:#4a216b; border-style:solid; padding:4 0 0 0 ; border-radius:0px; '><p><div class='avia-image-container  av-styling- av-hover-grow noHover  av-overlay-on-hover  avia-align-center '  itemscope=\"itemscope\" itemtype=\"https:\/\/schema.org\/ImageObject\"  ><div class='avia-image-container-inner'><a href='http:\/\/linealiterie.com' class='avia_image'   target=\"_blank\" ><div class='av-image-caption-overlay'><div class='av-caption-image-overlay-bg' style='opacity:0.4; background-color:#4fffff; '><\/div><div class='av-image-caption-overlay-position'><div class='av-image-caption-overlay-center' style='color:#000000; font-size:24px; '><p>GO!<\/p>\n<\/div><\/div><\/div><img class='avia_image ' src='https:\/\/textitec.com\/wp-content\/uploads\/2018\/08\/logo-linea-18.png' alt='' title='logo linea 18'  itemprop=\"contentURL\"  \/><\/a><\/div><\/div><br \/>\n<section class=\"av_textblock_section\"  itemscope=\"itemscope\" itemtype=\"https:\/\/schema.org\/CreativeWork\" ><div class='avia_textblock '  style='font-size:16px; '  itemprop=\"text\" ><p style=\"text-align: center;\"><strong>\u00a0literie et linge de maison pour usage<\/strong><\/p>\n<p style=\"text-align: center;\"><strong>domestique, collectivit\u00e9s et\u00a0<\/strong><strong>h\u00f4tellerie<\/strong><\/p>\n<\/div><\/section><\/p><\/div><div class=\"flex_column av_one_half  flex_column_div   \" style='border-width:3px; border-color:#4a216b; border-style:solid; padding:15 15 0 15 ; border-radius:0px; '><p><div class='avia-image-container avia_animated_image avia_animate_when_almost_visible fade-in av-styling-  noHover  av-overlay-on-hover  avia-align-center '  itemscope=\"itemscope\" itemtype=\"https:\/\/schema.org\/ImageObject\"  ><div class='avia-image-container-inner'><a href='http:\/\/LINEALITERIE.COM' class='avia_image'   target=\"_blank\" ><div class='av-image-caption-overlay'><div class='av-caption-image-overlay-bg' style='opacity:0.4; background-color:#4fffff; '><\/div><div class='av-image-caption-overlay-position'><div class='av-image-caption-overlay-center' style='color:#ffffff; font-size:24px; '><p>GO!<\/p>\n<\/div><\/div><\/div><img class='avia_image ' src='https:\/\/textitec.com\/wp-content\/uploads\/2018\/08\/LOGO3FREE-1.gif' alt='' title='LOGO3FREE'  itemprop=\"contentURL\"  \/><\/a><\/div><\/div><br \/>\n<section class=\"av_textblock_section\"  itemscope=\"itemscope\" itemtype=\"https:\/\/schema.org\/CreativeWork\" ><div class='avia_textblock '  style='font-size:16px; '  itemprop=\"text\" ><p style=\"text-align: center;\"><strong>Equipements de loisirs<\/strong><\/p>\n<p style=\"text-align: center;\"><strong>et de plein air<\/strong><\/p>\n<\/div><\/section><\/p><\/div><\/p>\n","protected":false},"excerpt":{"rendered":"","protected":false},"author":1,"featured_media":0,"parent":0,"menu_order":0,"comment_status":"closed","ping_status":"closed","template":"","meta":{"footnotes":""},"class_list":["post-5","page","type-page","status-publish","hentry"],"yoast_head":"<!-- This site is optimized with the Yoast SEO plugin v27.4 - https:\/\/yoast.com\/product\/yoast-seo-wordpress\/ -->\n<title>Accueil - TEXTITEC<\/title>\n<meta name=\"robots\" content=\"index, follow, max-snippet:-1, max-image-preview:large, max-video-preview:-1\" \/>\n<link rel=\"canonical\" href=\"https:\/\/textitec.com\/\" \/>\n<meta property=\"og:locale\" content=\"en_US\" \/>\n<meta property=\"og:type\" content=\"article\" \/>\n<meta property=\"og:title\" content=\"Accueil - TEXTITEC\" \/>\n<meta property=\"og:url\" content=\"https:\/\/textitec.com\/\" \/>\n<meta property=\"og:site_name\" content=\"TEXTITEC\" \/>\n<meta property=\"article:publisher\" content=\"http:\/\/facebook.com\/textitecdz\" \/>\n<meta property=\"article:modified_time\" content=\"2018-09-01T17:01:19+00:00\" \/>\n<meta name=\"twitter:card\" content=\"summary_large_image\" \/>\n<meta name=\"twitter:site\" content=\"@textitec\" \/>\n<meta name=\"twitter:label1\" content=\"Est. reading time\" \/>\n\t<meta name=\"twitter:data1\" content=\"3 minutes\" \/>\n<script type=\"application\/ld+json\" class=\"yoast-schema-graph\">{\"@context\":\"https:\\\/\\\/schema.org\",\"@graph\":[{\"@type\":\"WebPage\",\"@id\":\"https:\\\/\\\/textitec.com\\\/\",\"url\":\"https:\\\/\\\/textitec.com\\\/\",\"name\":\"Accueil - TEXTITEC\",\"isPartOf\":{\"@id\":\"https:\\\/\\\/textitec.com\\\/#website\"},\"datePublished\":\"2018-08-21T19:42:45+00:00\",\"dateModified\":\"2018-09-01T17:01:19+00:00\",\"breadcrumb\":{\"@id\":\"https:\\\/\\\/textitec.com\\\/#breadcrumb\"},\"inLanguage\":\"en-US\",\"potentialAction\":[{\"@type\":\"ReadAction\",\"target\":[\"https:\\\/\\\/textitec.com\\\/\"]}]},{\"@type\":\"BreadcrumbList\",\"@id\":\"https:\\\/\\\/textitec.com\\\/#breadcrumb\",\"itemListElement\":[{\"@type\":\"ListItem\",\"position\":1,\"name\":\"Home\",\"item\":\"https:\\\/\\\/textitec.com\\\/\"},{\"@type\":\"ListItem\",\"position\":2,\"name\":\"Accueil\"}]},{\"@type\":\"WebSite\",\"@id\":\"https:\\\/\\\/textitec.com\\\/#website\",\"url\":\"https:\\\/\\\/textitec.com\\\/\",\"name\":\"TEXTITEC\",\"description\":\"le monde des non-tiss\u00e9s est notre metier\",\"publisher\":{\"@id\":\"https:\\\/\\\/textitec.com\\\/#organization\"},\"potentialAction\":[{\"@type\":\"SearchAction\",\"target\":{\"@type\":\"EntryPoint\",\"urlTemplate\":\"https:\\\/\\\/textitec.com\\\/?s={search_term_string}\"},\"query-input\":{\"@type\":\"PropertyValueSpecification\",\"valueRequired\":true,\"valueName\":\"search_term_string\"}}],\"inLanguage\":\"en-US\"},{\"@type\":\"Organization\",\"@id\":\"https:\\\/\\\/textitec.com\\\/#organization\",\"name\":\"TEXTITEC\",\"url\":\"https:\\\/\\\/textitec.com\\\/\",\"logo\":{\"@type\":\"ImageObject\",\"inLanguage\":\"en-US\",\"@id\":\"https:\\\/\\\/textitec.com\\\/#\\\/schema\\\/logo\\\/image\\\/\",\"url\":\"https:\\\/\\\/textitec.com\\\/wp-content\\\/uploads\\\/2018\\\/08\\\/logo-textitec-site150-1.jpg\",\"contentUrl\":\"https:\\\/\\\/textitec.com\\\/wp-content\\\/uploads\\\/2018\\\/08\\\/logo-textitec-site150-1.jpg\",\"width\":329,\"height\":177,\"caption\":\"TEXTITEC\"},\"image\":{\"@id\":\"https:\\\/\\\/textitec.com\\\/#\\\/schema\\\/logo\\\/image\\\/\"},\"sameAs\":[\"http:\\\/\\\/facebook.com\\\/textitecdz\",\"https:\\\/\\\/x.com\\\/textitec\"]}]}<\/script>\n<!-- \/ Yoast SEO plugin. -->","yoast_head_json":{"title":"Accueil - TEXTITEC","robots":{"index":"index","follow":"follow","max-snippet":"max-snippet:-1","max-image-preview":"max-image-preview:large","max-video-preview":"max-video-preview:-1"},"canonical":"https:\/\/textitec.com\/","og_locale":"en_US","og_type":"article","og_title":"Accueil - TEXTITEC","og_url":"https:\/\/textitec.com\/","og_site_name":"TEXTITEC","article_publisher":"http:\/\/facebook.com\/textitecdz","article_modified_time":"2018-09-01T17:01:19+00:00","twitter_card":"summary_large_image","twitter_site":"@textitec","twitter_misc":{"Est. reading time":"3 minutes"},"schema":{"@context":"https:\/\/schema.org","@graph":[{"@type":"WebPage","@id":"https:\/\/textitec.com\/","url":"https:\/\/textitec.com\/","name":"Accueil - TEXTITEC","isPartOf":{"@id":"https:\/\/textitec.com\/#website"},"datePublished":"2018-08-21T19:42:45+00:00","dateModified":"2018-09-01T17:01:19+00:00","breadcrumb":{"@id":"https:\/\/textitec.com\/#breadcrumb"},"inLanguage":"en-US","potentialAction":[{"@type":"ReadAction","target":["https:\/\/textitec.com\/"]}]},{"@type":"BreadcrumbList","@id":"https:\/\/textitec.com\/#breadcrumb","itemListElement":[{"@type":"ListItem","position":1,"name":"Home","item":"https:\/\/textitec.com\/"},{"@type":"ListItem","position":2,"name":"Accueil"}]},{"@type":"WebSite","@id":"https:\/\/textitec.com\/#website","url":"https:\/\/textitec.com\/","name":"TEXTITEC","description":"le monde des non-tiss\u00e9s est notre metier","publisher":{"@id":"https:\/\/textitec.com\/#organization"},"potentialAction":[{"@type":"SearchAction","target":{"@type":"EntryPoint","urlTemplate":"https:\/\/textitec.com\/?s={search_term_string}"},"query-input":{"@type":"PropertyValueSpecification","valueRequired":true,"valueName":"search_term_string"}}],"inLanguage":"en-US"},{"@type":"Organization","@id":"https:\/\/textitec.com\/#organization","name":"TEXTITEC","url":"https:\/\/textitec.com\/","logo":{"@type":"ImageObject","inLanguage":"en-US","@id":"https:\/\/textitec.com\/#\/schema\/logo\/image\/","url":"https:\/\/textitec.com\/wp-content\/uploads\/2018\/08\/logo-textitec-site150-1.jpg","contentUrl":"https:\/\/textitec.com\/wp-content\/uploads\/2018\/08\/logo-textitec-site150-1.jpg","width":329,"height":177,"caption":"TEXTITEC"},"image":{"@id":"https:\/\/textitec.com\/#\/schema\/logo\/image\/"},"sameAs":["http:\/\/facebook.com\/textitecdz","https:\/\/x.com\/textitec"]}]}},"_links":{"self":[{"href":"https:\/\/textitec.com\/index.php\/wp-json\/wp\/v2\/pages\/5","targetHints":{"allow":["GET"]}}],"collection":[{"href":"https:\/\/textitec.com\/index.php\/wp-json\/wp\/v2\/pages"}],"about":[{"href":"https:\/\/textitec.com\/index.php\/wp-json\/wp\/v2\/types\/page"}],"author":[{"embeddable":true,"href":"https:\/\/textitec.com\/index.php\/wp-json\/wp\/v2\/users\/1"}],"replies":[{"embeddable":true,"href":"https:\/\/textitec.com\/index.php\/wp-json\/wp\/v2\/comments?post=5"}],"version-history":[{"count":55,"href":"https:\/\/textitec.com\/index.php\/wp-json\/wp\/v2\/pages\/5\/revisions"}],"predecessor-version":[{"id":277,"href":"https:\/\/textitec.com\/index.php\/wp-json\/wp\/v2\/pages\/5\/revisions\/277"}],"wp:attachment":[{"href":"https:\/\/textitec.com\/index.php\/wp-json\/wp\/v2\/media?parent=5"}],"curies":[{"name":"wp","href":"https:\/\/api.w.org\/{rel}","templated":true}]}}