{"id":57,"date":"2018-08-22T10:58:39","date_gmt":"2018-08-22T10:58:39","guid":{"rendered":"https:\/\/textitec.com\/?page_id=57"},"modified":"2018-08-30T10:02:38","modified_gmt":"2018-08-30T10:02:38","slug":"feutres","status":"publish","type":"page","link":"https:\/\/textitec.com\/index.php\/feutres\/","title":{"rendered":"Feutres"},"content":{"rendered":"<section class=\"av_textblock_section\"  itemscope=\"itemscope\" itemtype=\"https:\/\/schema.org\/CreativeWork\" ><div class='avia_textblock '   itemprop=\"text\" ><p>Feutre gris ou multicolore \u00e0 base de fibres tout venant<\/p>\n<p>Poids de 100 \u00e0 1500<\/p>\n<p>Laize maximale 3 m<\/p>\n<p>Degr\u00e9 de duret\u00e9 \u00e0 la demande du client<\/p>\n<\/div><\/section>\n<div class=\"flex_column av_one_third  flex_column_div av-zero-column-padding first  \" style='border-width:5px; border-color:#4a216b; border-style:solid; border-radius:0px; '><div class='avia-image-container  av-styling-   avia-align-center '  itemscope=\"itemscope\" itemtype=\"https:\/\/schema.org\/ImageObject\"  ><div class='avia-image-container-inner'><img class='avia_image ' src='https:\/\/textitec.com\/wp-content\/uploads\/2018\/08\/FEUT-NOIR-300x200.jpg' alt='' title='FEUT NOIR'   itemprop=\"contentURL\"  \/><\/div><\/div><\/div>\n<div class=\"flex_column av_one_third  flex_column_div av-zero-column-padding   \" style='border-width:5px; border-color:#4a216b; border-style:solid; border-radius:0px; '><div class='avia-image-container  av-styling-   avia-align-center '  itemscope=\"itemscope\" itemtype=\"https:\/\/schema.org\/ImageObject\"  ><div class='avia-image-container-inner'><img class='avia_image ' src='https:\/\/textitec.com\/wp-content\/uploads\/2018\/08\/FEUT-BRO-300x300.jpg' alt='' title='FEUT BRO'   itemprop=\"contentURL\"  \/><\/div><\/div><\/div>\n<div class=\"flex_column av_one_third  flex_column_div av-zero-column-padding   \" style='border-width:5px; border-color:#4a216b; border-style:solid; border-radius:0px; '><div class='avia-image-container  av-styling-   avia-align-center '  itemscope=\"itemscope\" itemtype=\"https:\/\/schema.org\/ImageObject\"  ><div class='avia-image-container-inner'><img class='avia_image ' src='https:\/\/textitec.com\/wp-content\/uploads\/2018\/08\/GRIS-TVNT-300x200.jpg' alt='' title='GRIS TVNT'   itemprop=\"contentURL\"  \/><\/div><\/div><\/div>\n","protected":false},"excerpt":{"rendered":"","protected":false},"author":1,"featured_media":0,"parent":0,"menu_order":0,"comment_status":"closed","ping_status":"closed","template":"","meta":{"footnotes":""},"class_list":["post-57","page","type-page","status-publish","hentry"],"yoast_head":"<!-- This site is optimized with the Yoast SEO plugin v27.4 - https:\/\/yoast.com\/product\/yoast-seo-wordpress\/ -->\n<title>Feutres - TEXTITEC<\/title>\n<meta name=\"robots\" content=\"index, follow, max-snippet:-1, max-image-preview:large, max-video-preview:-1\" \/>\n<link rel=\"canonical\" href=\"https:\/\/textitec.com\/index.php\/feutres\/\" \/>\n<meta property=\"og:locale\" content=\"en_US\" \/>\n<meta property=\"og:type\" content=\"article\" \/>\n<meta property=\"og:title\" content=\"Feutres - TEXTITEC\" \/>\n<meta property=\"og:url\" content=\"https:\/\/textitec.com\/index.php\/feutres\/\" \/>\n<meta property=\"og:site_name\" content=\"TEXTITEC\" \/>\n<meta property=\"article:publisher\" content=\"http:\/\/facebook.com\/textitecdz\" \/>\n<meta property=\"article:modified_time\" content=\"2018-08-30T10:02:38+00:00\" \/>\n<meta name=\"twitter:card\" content=\"summary_large_image\" \/>\n<meta name=\"twitter:site\" content=\"@textitec\" \/>\n<meta name=\"twitter:label1\" content=\"Est. reading time\" \/>\n\t<meta name=\"twitter:data1\" content=\"2 minutes\" \/>\n<script type=\"application\/ld+json\" class=\"yoast-schema-graph\">{\"@context\":\"https:\\\/\\\/schema.org\",\"@graph\":[{\"@type\":\"WebPage\",\"@id\":\"https:\\\/\\\/textitec.com\\\/index.php\\\/feutres\\\/\",\"url\":\"https:\\\/\\\/textitec.com\\\/index.php\\\/feutres\\\/\",\"name\":\"Feutres - TEXTITEC\",\"isPartOf\":{\"@id\":\"https:\\\/\\\/textitec.com\\\/#website\"},\"datePublished\":\"2018-08-22T10:58:39+00:00\",\"dateModified\":\"2018-08-30T10:02:38+00:00\",\"breadcrumb\":{\"@id\":\"https:\\\/\\\/textitec.com\\\/index.php\\\/feutres\\\/#breadcrumb\"},\"inLanguage\":\"en-US\",\"potentialAction\":[{\"@type\":\"ReadAction\",\"target\":[\"https:\\\/\\\/textitec.com\\\/index.php\\\/feutres\\\/\"]}]},{\"@type\":\"BreadcrumbList\",\"@id\":\"https:\\\/\\\/textitec.com\\\/index.php\\\/feutres\\\/#breadcrumb\",\"itemListElement\":[{\"@type\":\"ListItem\",\"position\":1,\"name\":\"Home\",\"item\":\"https:\\\/\\\/textitec.com\\\/\"},{\"@type\":\"ListItem\",\"position\":2,\"name\":\"Feutres\"}]},{\"@type\":\"WebSite\",\"@id\":\"https:\\\/\\\/textitec.com\\\/#website\",\"url\":\"https:\\\/\\\/textitec.com\\\/\",\"name\":\"TEXTITEC\",\"description\":\"le monde des non-tiss\u00e9s est notre metier\",\"publisher\":{\"@id\":\"https:\\\/\\\/textitec.com\\\/#organization\"},\"potentialAction\":[{\"@type\":\"SearchAction\",\"target\":{\"@type\":\"EntryPoint\",\"urlTemplate\":\"https:\\\/\\\/textitec.com\\\/?s={search_term_string}\"},\"query-input\":{\"@type\":\"PropertyValueSpecification\",\"valueRequired\":true,\"valueName\":\"search_term_string\"}}],\"inLanguage\":\"en-US\"},{\"@type\":\"Organization\",\"@id\":\"https:\\\/\\\/textitec.com\\\/#organization\",\"name\":\"TEXTITEC\",\"url\":\"https:\\\/\\\/textitec.com\\\/\",\"logo\":{\"@type\":\"ImageObject\",\"inLanguage\":\"en-US\",\"@id\":\"https:\\\/\\\/textitec.com\\\/#\\\/schema\\\/logo\\\/image\\\/\",\"url\":\"https:\\\/\\\/textitec.com\\\/wp-content\\\/uploads\\\/2018\\\/08\\\/logo-textitec-site150-1.jpg\",\"contentUrl\":\"https:\\\/\\\/textitec.com\\\/wp-content\\\/uploads\\\/2018\\\/08\\\/logo-textitec-site150-1.jpg\",\"width\":329,\"height\":177,\"caption\":\"TEXTITEC\"},\"image\":{\"@id\":\"https:\\\/\\\/textitec.com\\\/#\\\/schema\\\/logo\\\/image\\\/\"},\"sameAs\":[\"http:\\\/\\\/facebook.com\\\/textitecdz\",\"https:\\\/\\\/x.com\\\/textitec\"]}]}<\/script>\n<!-- \/ Yoast SEO plugin. -->","yoast_head_json":{"title":"Feutres - TEXTITEC","robots":{"index":"index","follow":"follow","max-snippet":"max-snippet:-1","max-image-preview":"max-image-preview:large","max-video-preview":"max-video-preview:-1"},"canonical":"https:\/\/textitec.com\/index.php\/feutres\/","og_locale":"en_US","og_type":"article","og_title":"Feutres - TEXTITEC","og_url":"https:\/\/textitec.com\/index.php\/feutres\/","og_site_name":"TEXTITEC","article_publisher":"http:\/\/facebook.com\/textitecdz","article_modified_time":"2018-08-30T10:02:38+00:00","twitter_card":"summary_large_image","twitter_site":"@textitec","twitter_misc":{"Est. reading time":"2 minutes"},"schema":{"@context":"https:\/\/schema.org","@graph":[{"@type":"WebPage","@id":"https:\/\/textitec.com\/index.php\/feutres\/","url":"https:\/\/textitec.com\/index.php\/feutres\/","name":"Feutres - TEXTITEC","isPartOf":{"@id":"https:\/\/textitec.com\/#website"},"datePublished":"2018-08-22T10:58:39+00:00","dateModified":"2018-08-30T10:02:38+00:00","breadcrumb":{"@id":"https:\/\/textitec.com\/index.php\/feutres\/#breadcrumb"},"inLanguage":"en-US","potentialAction":[{"@type":"ReadAction","target":["https:\/\/textitec.com\/index.php\/feutres\/"]}]},{"@type":"BreadcrumbList","@id":"https:\/\/textitec.com\/index.php\/feutres\/#breadcrumb","itemListElement":[{"@type":"ListItem","position":1,"name":"Home","item":"https:\/\/textitec.com\/"},{"@type":"ListItem","position":2,"name":"Feutres"}]},{"@type":"WebSite","@id":"https:\/\/textitec.com\/#website","url":"https:\/\/textitec.com\/","name":"TEXTITEC","description":"le monde des non-tiss\u00e9s est notre metier","publisher":{"@id":"https:\/\/textitec.com\/#organization"},"potentialAction":[{"@type":"SearchAction","target":{"@type":"EntryPoint","urlTemplate":"https:\/\/textitec.com\/?s={search_term_string}"},"query-input":{"@type":"PropertyValueSpecification","valueRequired":true,"valueName":"search_term_string"}}],"inLanguage":"en-US"},{"@type":"Organization","@id":"https:\/\/textitec.com\/#organization","name":"TEXTITEC","url":"https:\/\/textitec.com\/","logo":{"@type":"ImageObject","inLanguage":"en-US","@id":"https:\/\/textitec.com\/#\/schema\/logo\/image\/","url":"https:\/\/textitec.com\/wp-content\/uploads\/2018\/08\/logo-textitec-site150-1.jpg","contentUrl":"https:\/\/textitec.com\/wp-content\/uploads\/2018\/08\/logo-textitec-site150-1.jpg","width":329,"height":177,"caption":"TEXTITEC"},"image":{"@id":"https:\/\/textitec.com\/#\/schema\/logo\/image\/"},"sameAs":["http:\/\/facebook.com\/textitecdz","https:\/\/x.com\/textitec"]}]}},"_links":{"self":[{"href":"https:\/\/textitec.com\/index.php\/wp-json\/wp\/v2\/pages\/57","targetHints":{"allow":["GET"]}}],"collection":[{"href":"https:\/\/textitec.com\/index.php\/wp-json\/wp\/v2\/pages"}],"about":[{"href":"https:\/\/textitec.com\/index.php\/wp-json\/wp\/v2\/types\/page"}],"author":[{"embeddable":true,"href":"https:\/\/textitec.com\/index.php\/wp-json\/wp\/v2\/users\/1"}],"replies":[{"embeddable":true,"href":"https:\/\/textitec.com\/index.php\/wp-json\/wp\/v2\/comments?post=57"}],"version-history":[{"count":11,"href":"https:\/\/textitec.com\/index.php\/wp-json\/wp\/v2\/pages\/57\/revisions"}],"predecessor-version":[{"id":229,"href":"https:\/\/textitec.com\/index.php\/wp-json\/wp\/v2\/pages\/57\/revisions\/229"}],"wp:attachment":[{"href":"https:\/\/textitec.com\/index.php\/wp-json\/wp\/v2\/media?parent=57"}],"curies":[{"name":"wp","href":"https:\/\/api.w.org\/{rel}","templated":true}]}}