{"id":59,"date":"2018-08-22T10:59:27","date_gmt":"2018-08-22T10:59:27","guid":{"rendered":"https:\/\/textitec.com\/?page_id=59"},"modified":"2018-08-30T10:13:21","modified_gmt":"2018-08-30T10:13:21","slug":"ouate","status":"publish","type":"page","link":"https:\/\/textitec.com\/index.php\/ouate\/","title":{"rendered":"Ouate"},"content":{"rendered":"<section class=\"av_textblock_section\"  itemscope=\"itemscope\" itemtype=\"https:\/\/schema.org\/CreativeWork\" ><div class='avia_textblock '   itemprop=\"text\" ><p>Textitec offre \u00e0 ses clients de la ouate de tr\u00e8s grande qualit\u00e9<\/p>\n<ul>\n<li>Largeur jusqu\u2019\u00e0 4 m\u00e8tres<\/li>\n<li>Poids de 80 gr jusqu\u2019\u00e0 1000 gr<\/li>\n<li>Possibilit\u00e9s de coupes en bandes jusqu\u2019\u00e0 10 cm de largeur.<\/li>\n<\/ul>\n<\/div><\/section>\n<div class=\"flex_column av_one_third  flex_column_div av-zero-column-padding first  \" style='border-width:5px; border-color:#4a216b; border-style:solid; border-radius:0px; '><div class='avia-image-container  av-styling- av-hover-grow  avia-align-center '  itemscope=\"itemscope\" itemtype=\"https:\/\/schema.org\/ImageObject\"  ><div class='avia-image-container-inner'><img class='avia_image ' src='https:\/\/textitec.com\/wp-content\/uploads\/2018\/08\/Nonwoven-wadding-1-260x185.jpg' alt='' title='Nonwoven-wadding-1-260x185'   itemprop=\"contentURL\"  \/><\/div><\/div><\/div>\n<div class=\"flex_column av_one_third  flex_column_div av-zero-column-padding   \" style='border-width:5px; border-color:#4a216b; border-style:solid; border-radius:0px; '><div class='avia-image-container  av-styling- av-hover-grow  avia-align-center '  itemscope=\"itemscope\" itemtype=\"https:\/\/schema.org\/ImageObject\"  ><div class='avia-image-container-inner'><img class='avia_image ' src='https:\/\/textitec.com\/wp-content\/uploads\/2018\/08\/OUATA-AFF-300x225.jpg' alt='' title='OUATA AFF'   itemprop=\"contentURL\"  \/><\/div><\/div><\/div>\n<div class=\"flex_column av_one_third  flex_column_div av-zero-column-padding   \" style='border-width:5px; border-color:#4a216b; border-style:solid; border-radius:0px; '><div class='avia-image-container  av-styling- av-hover-grow  avia-align-center '  itemscope=\"itemscope\" itemtype=\"https:\/\/schema.org\/ImageObject\"  ><div class='avia-image-container-inner'><img class='avia_image ' src='https:\/\/textitec.com\/wp-content\/uploads\/2018\/08\/RESOUATE3-300x259.jpg' alt='' title='RESOUATE3'   itemprop=\"contentURL\"  \/><\/div><\/div><\/div>\n","protected":false},"excerpt":{"rendered":"","protected":false},"author":1,"featured_media":0,"parent":0,"menu_order":0,"comment_status":"closed","ping_status":"closed","template":"","meta":{"footnotes":""},"class_list":["post-59","page","type-page","status-publish","hentry"],"yoast_head":"<!-- This site is optimized with the Yoast SEO plugin v27.4 - https:\/\/yoast.com\/product\/yoast-seo-wordpress\/ -->\n<title>Ouate - TEXTITEC<\/title>\n<meta name=\"robots\" content=\"index, follow, max-snippet:-1, max-image-preview:large, max-video-preview:-1\" \/>\n<link rel=\"canonical\" href=\"https:\/\/textitec.com\/index.php\/ouate\/\" \/>\n<meta property=\"og:locale\" content=\"en_US\" \/>\n<meta property=\"og:type\" content=\"article\" \/>\n<meta property=\"og:title\" content=\"Ouate - TEXTITEC\" \/>\n<meta property=\"og:url\" content=\"https:\/\/textitec.com\/index.php\/ouate\/\" \/>\n<meta property=\"og:site_name\" content=\"TEXTITEC\" \/>\n<meta property=\"article:publisher\" content=\"http:\/\/facebook.com\/textitecdz\" \/>\n<meta property=\"article:modified_time\" content=\"2018-08-30T10:13:21+00:00\" \/>\n<meta name=\"twitter:card\" content=\"summary_large_image\" \/>\n<meta name=\"twitter:site\" content=\"@textitec\" \/>\n<meta name=\"twitter:label1\" content=\"Est. reading time\" \/>\n\t<meta name=\"twitter:data1\" content=\"2 minutes\" \/>\n<script type=\"application\/ld+json\" class=\"yoast-schema-graph\">{\"@context\":\"https:\\\/\\\/schema.org\",\"@graph\":[{\"@type\":\"WebPage\",\"@id\":\"https:\\\/\\\/textitec.com\\\/index.php\\\/ouate\\\/\",\"url\":\"https:\\\/\\\/textitec.com\\\/index.php\\\/ouate\\\/\",\"name\":\"Ouate - TEXTITEC\",\"isPartOf\":{\"@id\":\"https:\\\/\\\/textitec.com\\\/#website\"},\"datePublished\":\"2018-08-22T10:59:27+00:00\",\"dateModified\":\"2018-08-30T10:13:21+00:00\",\"breadcrumb\":{\"@id\":\"https:\\\/\\\/textitec.com\\\/index.php\\\/ouate\\\/#breadcrumb\"},\"inLanguage\":\"en-US\",\"potentialAction\":[{\"@type\":\"ReadAction\",\"target\":[\"https:\\\/\\\/textitec.com\\\/index.php\\\/ouate\\\/\"]}]},{\"@type\":\"BreadcrumbList\",\"@id\":\"https:\\\/\\\/textitec.com\\\/index.php\\\/ouate\\\/#breadcrumb\",\"itemListElement\":[{\"@type\":\"ListItem\",\"position\":1,\"name\":\"Home\",\"item\":\"https:\\\/\\\/textitec.com\\\/\"},{\"@type\":\"ListItem\",\"position\":2,\"name\":\"Ouate\"}]},{\"@type\":\"WebSite\",\"@id\":\"https:\\\/\\\/textitec.com\\\/#website\",\"url\":\"https:\\\/\\\/textitec.com\\\/\",\"name\":\"TEXTITEC\",\"description\":\"le monde des non-tiss\u00e9s est notre metier\",\"publisher\":{\"@id\":\"https:\\\/\\\/textitec.com\\\/#organization\"},\"potentialAction\":[{\"@type\":\"SearchAction\",\"target\":{\"@type\":\"EntryPoint\",\"urlTemplate\":\"https:\\\/\\\/textitec.com\\\/?s={search_term_string}\"},\"query-input\":{\"@type\":\"PropertyValueSpecification\",\"valueRequired\":true,\"valueName\":\"search_term_string\"}}],\"inLanguage\":\"en-US\"},{\"@type\":\"Organization\",\"@id\":\"https:\\\/\\\/textitec.com\\\/#organization\",\"name\":\"TEXTITEC\",\"url\":\"https:\\\/\\\/textitec.com\\\/\",\"logo\":{\"@type\":\"ImageObject\",\"inLanguage\":\"en-US\",\"@id\":\"https:\\\/\\\/textitec.com\\\/#\\\/schema\\\/logo\\\/image\\\/\",\"url\":\"https:\\\/\\\/textitec.com\\\/wp-content\\\/uploads\\\/2018\\\/08\\\/logo-textitec-site150-1.jpg\",\"contentUrl\":\"https:\\\/\\\/textitec.com\\\/wp-content\\\/uploads\\\/2018\\\/08\\\/logo-textitec-site150-1.jpg\",\"width\":329,\"height\":177,\"caption\":\"TEXTITEC\"},\"image\":{\"@id\":\"https:\\\/\\\/textitec.com\\\/#\\\/schema\\\/logo\\\/image\\\/\"},\"sameAs\":[\"http:\\\/\\\/facebook.com\\\/textitecdz\",\"https:\\\/\\\/x.com\\\/textitec\"]}]}<\/script>\n<!-- \/ Yoast SEO plugin. -->","yoast_head_json":{"title":"Ouate - TEXTITEC","robots":{"index":"index","follow":"follow","max-snippet":"max-snippet:-1","max-image-preview":"max-image-preview:large","max-video-preview":"max-video-preview:-1"},"canonical":"https:\/\/textitec.com\/index.php\/ouate\/","og_locale":"en_US","og_type":"article","og_title":"Ouate - TEXTITEC","og_url":"https:\/\/textitec.com\/index.php\/ouate\/","og_site_name":"TEXTITEC","article_publisher":"http:\/\/facebook.com\/textitecdz","article_modified_time":"2018-08-30T10:13:21+00:00","twitter_card":"summary_large_image","twitter_site":"@textitec","twitter_misc":{"Est. reading time":"2 minutes"},"schema":{"@context":"https:\/\/schema.org","@graph":[{"@type":"WebPage","@id":"https:\/\/textitec.com\/index.php\/ouate\/","url":"https:\/\/textitec.com\/index.php\/ouate\/","name":"Ouate - TEXTITEC","isPartOf":{"@id":"https:\/\/textitec.com\/#website"},"datePublished":"2018-08-22T10:59:27+00:00","dateModified":"2018-08-30T10:13:21+00:00","breadcrumb":{"@id":"https:\/\/textitec.com\/index.php\/ouate\/#breadcrumb"},"inLanguage":"en-US","potentialAction":[{"@type":"ReadAction","target":["https:\/\/textitec.com\/index.php\/ouate\/"]}]},{"@type":"BreadcrumbList","@id":"https:\/\/textitec.com\/index.php\/ouate\/#breadcrumb","itemListElement":[{"@type":"ListItem","position":1,"name":"Home","item":"https:\/\/textitec.com\/"},{"@type":"ListItem","position":2,"name":"Ouate"}]},{"@type":"WebSite","@id":"https:\/\/textitec.com\/#website","url":"https:\/\/textitec.com\/","name":"TEXTITEC","description":"le monde des non-tiss\u00e9s est notre metier","publisher":{"@id":"https:\/\/textitec.com\/#organization"},"potentialAction":[{"@type":"SearchAction","target":{"@type":"EntryPoint","urlTemplate":"https:\/\/textitec.com\/?s={search_term_string}"},"query-input":{"@type":"PropertyValueSpecification","valueRequired":true,"valueName":"search_term_string"}}],"inLanguage":"en-US"},{"@type":"Organization","@id":"https:\/\/textitec.com\/#organization","name":"TEXTITEC","url":"https:\/\/textitec.com\/","logo":{"@type":"ImageObject","inLanguage":"en-US","@id":"https:\/\/textitec.com\/#\/schema\/logo\/image\/","url":"https:\/\/textitec.com\/wp-content\/uploads\/2018\/08\/logo-textitec-site150-1.jpg","contentUrl":"https:\/\/textitec.com\/wp-content\/uploads\/2018\/08\/logo-textitec-site150-1.jpg","width":329,"height":177,"caption":"TEXTITEC"},"image":{"@id":"https:\/\/textitec.com\/#\/schema\/logo\/image\/"},"sameAs":["http:\/\/facebook.com\/textitecdz","https:\/\/x.com\/textitec"]}]}},"_links":{"self":[{"href":"https:\/\/textitec.com\/index.php\/wp-json\/wp\/v2\/pages\/59","targetHints":{"allow":["GET"]}}],"collection":[{"href":"https:\/\/textitec.com\/index.php\/wp-json\/wp\/v2\/pages"}],"about":[{"href":"https:\/\/textitec.com\/index.php\/wp-json\/wp\/v2\/types\/page"}],"author":[{"embeddable":true,"href":"https:\/\/textitec.com\/index.php\/wp-json\/wp\/v2\/users\/1"}],"replies":[{"embeddable":true,"href":"https:\/\/textitec.com\/index.php\/wp-json\/wp\/v2\/comments?post=59"}],"version-history":[{"count":5,"href":"https:\/\/textitec.com\/index.php\/wp-json\/wp\/v2\/pages\/59\/revisions"}],"predecessor-version":[{"id":230,"href":"https:\/\/textitec.com\/index.php\/wp-json\/wp\/v2\/pages\/59\/revisions\/230"}],"wp:attachment":[{"href":"https:\/\/textitec.com\/index.php\/wp-json\/wp\/v2\/media?parent=59"}],"curies":[{"name":"wp","href":"https:\/\/api.w.org\/{rel}","templated":true}]}}