{"id":65,"date":"2018-08-22T11:00:48","date_gmt":"2018-08-22T11:00:48","guid":{"rendered":"https:\/\/textitec.com\/?page_id=65"},"modified":"2018-08-30T10:16:22","modified_gmt":"2018-08-30T10:16:22","slug":"geotextiles","status":"publish","type":"page","link":"https:\/\/textitec.com\/index.php\/geotextiles\/","title":{"rendered":"Geotextiles"},"content":{"rendered":"<section class=\"av_textblock_section\"  itemscope=\"itemscope\" itemtype=\"https:\/\/schema.org\/CreativeWork\" ><div class='avia_textblock '   itemprop=\"text\" ><p><strong><u>G\u00e9otextiles <\/u><\/strong><\/p>\n<p>Pour tout usage<\/p>\n<p>Grammage jusqu\u2019\u00e0 1500 gramme<\/p>\n<p>Laize jusqu\u2019\u00e0 4 m\u00e8tres<\/p>\n<p>Les g\u00e9otextiles sont des tissus g\u00e9n\u00e9ralement en mat\u00e9riaux synth\u00e9tiques destin\u00e9s aux travaux de b\u00e2timent, de g\u00e9nie civil et d\u2019agriculture.<\/p>\n<p>Ils ont pour r\u00f4le principal de cr\u00e9er une barri\u00e8re physique perm\u00e9able entre un terrain naturel et les mat\u00e9riaux s\u00e9lectionn\u00e9s pour la r\u00e9alisation d\u2019ouvrages ou de chauss\u00e9es. Cette barri\u00e8re laissera passer l\u2019eau et emp\u00eachera les parties les plus fines issues de terrain naturel de migrer et venir modifier la structure des mat\u00e9riaux d\u2019apport. On parle de g\u00e9otextile de s\u00e9paration ou de filtration. Ce type de g\u00e9otextile sert aussi \u00e0 prot\u00e9ger les drains et ouvrages de drainage, afin d\u2019\u00e9viter leur colmatage et donc de participer \u00e0 leur p\u00e9rennit\u00e9.<\/p>\n<p>Il existe aussi des g\u00e9otextiles de renforts utilis\u00e9s en assise de plateforme routi\u00e8re et ferroviaire ainsi que pour armer les massifs de remblais renforc\u00e9s.<\/p>\n<\/div><\/section>\n<div class=\"flex_column av_one_half  flex_column_div av-zero-column-padding first  \" style='border-width:5px; border-color:#4a216b; border-style:solid; border-radius:0px; '><div class='avia-image-container  av-styling-   avia-align-center '  itemscope=\"itemscope\" itemtype=\"https:\/\/schema.org\/ImageObject\"  ><div class='avia-image-container-inner'><img class='avia_image ' src='https:\/\/textitec.com\/wp-content\/uploads\/2018\/08\/Geogrid_on_a_slope-180x180.jpg' alt='' title='Geogrid_on_a_slope-180x180'   itemprop=\"contentURL\"  \/><\/div><\/div><\/div><div class=\"flex_column av_one_half  flex_column_div av-zero-column-padding   \" style='border-width:5px; border-color:#4a216b; border-style:solid; border-radius:0px; '><div class='avia-image-container  av-styling-   avia-align-center '  itemscope=\"itemscope\" itemtype=\"https:\/\/schema.org\/ImageObject\"  ><div class='avia-image-container-inner'><img class='avia_image ' src='https:\/\/textitec.com\/wp-content\/uploads\/2018\/08\/geotextile-300x220-2-300x220.jpg' alt='' title='geotextile-300x220'   itemprop=\"contentURL\"  \/><\/div><\/div><\/div><\/p>\n","protected":false},"excerpt":{"rendered":"","protected":false},"author":1,"featured_media":0,"parent":0,"menu_order":0,"comment_status":"closed","ping_status":"closed","template":"","meta":{"footnotes":""},"class_list":["post-65","page","type-page","status-publish","hentry"],"yoast_head":"<!-- This site is optimized with the Yoast SEO plugin v27.4 - https:\/\/yoast.com\/product\/yoast-seo-wordpress\/ -->\n<title>Geotextiles - TEXTITEC<\/title>\n<meta name=\"robots\" content=\"index, follow, max-snippet:-1, max-image-preview:large, max-video-preview:-1\" \/>\n<link rel=\"canonical\" href=\"https:\/\/textitec.com\/index.php\/geotextiles\/\" \/>\n<meta property=\"og:locale\" content=\"en_US\" \/>\n<meta property=\"og:type\" content=\"article\" \/>\n<meta property=\"og:title\" content=\"Geotextiles - TEXTITEC\" \/>\n<meta property=\"og:url\" content=\"https:\/\/textitec.com\/index.php\/geotextiles\/\" \/>\n<meta property=\"og:site_name\" content=\"TEXTITEC\" \/>\n<meta property=\"article:publisher\" content=\"http:\/\/facebook.com\/textitecdz\" \/>\n<meta property=\"article:modified_time\" content=\"2018-08-30T10:16:22+00:00\" \/>\n<meta name=\"twitter:card\" content=\"summary_large_image\" \/>\n<meta name=\"twitter:site\" content=\"@textitec\" \/>\n<meta name=\"twitter:label1\" content=\"Est. reading time\" \/>\n\t<meta name=\"twitter:data1\" content=\"2 minutes\" \/>\n<script type=\"application\/ld+json\" class=\"yoast-schema-graph\">{\"@context\":\"https:\\\/\\\/schema.org\",\"@graph\":[{\"@type\":\"WebPage\",\"@id\":\"https:\\\/\\\/textitec.com\\\/index.php\\\/geotextiles\\\/\",\"url\":\"https:\\\/\\\/textitec.com\\\/index.php\\\/geotextiles\\\/\",\"name\":\"Geotextiles - TEXTITEC\",\"isPartOf\":{\"@id\":\"https:\\\/\\\/textitec.com\\\/#website\"},\"datePublished\":\"2018-08-22T11:00:48+00:00\",\"dateModified\":\"2018-08-30T10:16:22+00:00\",\"breadcrumb\":{\"@id\":\"https:\\\/\\\/textitec.com\\\/index.php\\\/geotextiles\\\/#breadcrumb\"},\"inLanguage\":\"en-US\",\"potentialAction\":[{\"@type\":\"ReadAction\",\"target\":[\"https:\\\/\\\/textitec.com\\\/index.php\\\/geotextiles\\\/\"]}]},{\"@type\":\"BreadcrumbList\",\"@id\":\"https:\\\/\\\/textitec.com\\\/index.php\\\/geotextiles\\\/#breadcrumb\",\"itemListElement\":[{\"@type\":\"ListItem\",\"position\":1,\"name\":\"Home\",\"item\":\"https:\\\/\\\/textitec.com\\\/\"},{\"@type\":\"ListItem\",\"position\":2,\"name\":\"Geotextiles\"}]},{\"@type\":\"WebSite\",\"@id\":\"https:\\\/\\\/textitec.com\\\/#website\",\"url\":\"https:\\\/\\\/textitec.com\\\/\",\"name\":\"TEXTITEC\",\"description\":\"le monde des non-tiss\u00e9s est notre metier\",\"publisher\":{\"@id\":\"https:\\\/\\\/textitec.com\\\/#organization\"},\"potentialAction\":[{\"@type\":\"SearchAction\",\"target\":{\"@type\":\"EntryPoint\",\"urlTemplate\":\"https:\\\/\\\/textitec.com\\\/?s={search_term_string}\"},\"query-input\":{\"@type\":\"PropertyValueSpecification\",\"valueRequired\":true,\"valueName\":\"search_term_string\"}}],\"inLanguage\":\"en-US\"},{\"@type\":\"Organization\",\"@id\":\"https:\\\/\\\/textitec.com\\\/#organization\",\"name\":\"TEXTITEC\",\"url\":\"https:\\\/\\\/textitec.com\\\/\",\"logo\":{\"@type\":\"ImageObject\",\"inLanguage\":\"en-US\",\"@id\":\"https:\\\/\\\/textitec.com\\\/#\\\/schema\\\/logo\\\/image\\\/\",\"url\":\"https:\\\/\\\/textitec.com\\\/wp-content\\\/uploads\\\/2018\\\/08\\\/logo-textitec-site150-1.jpg\",\"contentUrl\":\"https:\\\/\\\/textitec.com\\\/wp-content\\\/uploads\\\/2018\\\/08\\\/logo-textitec-site150-1.jpg\",\"width\":329,\"height\":177,\"caption\":\"TEXTITEC\"},\"image\":{\"@id\":\"https:\\\/\\\/textitec.com\\\/#\\\/schema\\\/logo\\\/image\\\/\"},\"sameAs\":[\"http:\\\/\\\/facebook.com\\\/textitecdz\",\"https:\\\/\\\/x.com\\\/textitec\"]}]}<\/script>\n<!-- \/ Yoast SEO plugin. -->","yoast_head_json":{"title":"Geotextiles - TEXTITEC","robots":{"index":"index","follow":"follow","max-snippet":"max-snippet:-1","max-image-preview":"max-image-preview:large","max-video-preview":"max-video-preview:-1"},"canonical":"https:\/\/textitec.com\/index.php\/geotextiles\/","og_locale":"en_US","og_type":"article","og_title":"Geotextiles - TEXTITEC","og_url":"https:\/\/textitec.com\/index.php\/geotextiles\/","og_site_name":"TEXTITEC","article_publisher":"http:\/\/facebook.com\/textitecdz","article_modified_time":"2018-08-30T10:16:22+00:00","twitter_card":"summary_large_image","twitter_site":"@textitec","twitter_misc":{"Est. reading time":"2 minutes"},"schema":{"@context":"https:\/\/schema.org","@graph":[{"@type":"WebPage","@id":"https:\/\/textitec.com\/index.php\/geotextiles\/","url":"https:\/\/textitec.com\/index.php\/geotextiles\/","name":"Geotextiles - TEXTITEC","isPartOf":{"@id":"https:\/\/textitec.com\/#website"},"datePublished":"2018-08-22T11:00:48+00:00","dateModified":"2018-08-30T10:16:22+00:00","breadcrumb":{"@id":"https:\/\/textitec.com\/index.php\/geotextiles\/#breadcrumb"},"inLanguage":"en-US","potentialAction":[{"@type":"ReadAction","target":["https:\/\/textitec.com\/index.php\/geotextiles\/"]}]},{"@type":"BreadcrumbList","@id":"https:\/\/textitec.com\/index.php\/geotextiles\/#breadcrumb","itemListElement":[{"@type":"ListItem","position":1,"name":"Home","item":"https:\/\/textitec.com\/"},{"@type":"ListItem","position":2,"name":"Geotextiles"}]},{"@type":"WebSite","@id":"https:\/\/textitec.com\/#website","url":"https:\/\/textitec.com\/","name":"TEXTITEC","description":"le monde des non-tiss\u00e9s est notre metier","publisher":{"@id":"https:\/\/textitec.com\/#organization"},"potentialAction":[{"@type":"SearchAction","target":{"@type":"EntryPoint","urlTemplate":"https:\/\/textitec.com\/?s={search_term_string}"},"query-input":{"@type":"PropertyValueSpecification","valueRequired":true,"valueName":"search_term_string"}}],"inLanguage":"en-US"},{"@type":"Organization","@id":"https:\/\/textitec.com\/#organization","name":"TEXTITEC","url":"https:\/\/textitec.com\/","logo":{"@type":"ImageObject","inLanguage":"en-US","@id":"https:\/\/textitec.com\/#\/schema\/logo\/image\/","url":"https:\/\/textitec.com\/wp-content\/uploads\/2018\/08\/logo-textitec-site150-1.jpg","contentUrl":"https:\/\/textitec.com\/wp-content\/uploads\/2018\/08\/logo-textitec-site150-1.jpg","width":329,"height":177,"caption":"TEXTITEC"},"image":{"@id":"https:\/\/textitec.com\/#\/schema\/logo\/image\/"},"sameAs":["http:\/\/facebook.com\/textitecdz","https:\/\/x.com\/textitec"]}]}},"_links":{"self":[{"href":"https:\/\/textitec.com\/index.php\/wp-json\/wp\/v2\/pages\/65","targetHints":{"allow":["GET"]}}],"collection":[{"href":"https:\/\/textitec.com\/index.php\/wp-json\/wp\/v2\/pages"}],"about":[{"href":"https:\/\/textitec.com\/index.php\/wp-json\/wp\/v2\/types\/page"}],"author":[{"embeddable":true,"href":"https:\/\/textitec.com\/index.php\/wp-json\/wp\/v2\/users\/1"}],"replies":[{"embeddable":true,"href":"https:\/\/textitec.com\/index.php\/wp-json\/wp\/v2\/comments?post=65"}],"version-history":[{"count":6,"href":"https:\/\/textitec.com\/index.php\/wp-json\/wp\/v2\/pages\/65\/revisions"}],"predecessor-version":[{"id":231,"href":"https:\/\/textitec.com\/index.php\/wp-json\/wp\/v2\/pages\/65\/revisions\/231"}],"wp:attachment":[{"href":"https:\/\/textitec.com\/index.php\/wp-json\/wp\/v2\/media?parent=65"}],"curies":[{"name":"wp","href":"https:\/\/api.w.org\/{rel}","templated":true}]}}